{"id":18,"date":"2020-01-26T12:47:07","date_gmt":"2020-01-26T12:47:07","guid":{"rendered":"http:\/\/test.charmeundstil.de\/?page_id=18"},"modified":"2021-04-13T12:08:08","modified_gmt":"2021-04-13T12:08:08","slug":"ueber-das-schreiben","status":"publish","type":"page","link":"https:\/\/www.charmeundstil.de\/?page_id=18","title":{"rendered":"\u00dcber das Schreiben"},"content":{"rendered":"\n<p><\/p>\n\n\n\n<div class=\"wp-block-columns\">\n<div class=\"wp-block-column\" style=\"flex-basis:33.33%\">\n<h3 class=\"has-text-align-right\"><strong>Worte sind eine Macht<\/strong><\/h3>\n\n\n\n<p class=\"has-text-align-right\">Sie k\u00f6nnen t\u00f6ten oder vers\u00f6hnen, Hass oder Liebe verbreiten, aufwiegeln oder tr\u00f6sten. Einmal gesprochen sind sie nicht mehr zur\u00fcck zu holen. Wer etwas zu sagen hat, sollte seine Worte aufschreiben, nur dann sind sie korrigierbar.<\/p>\n\n\n\n<p><\/p>\n\n\n\n<h3 class=\"has-text-align-right\"><strong>Aufgeschriebenes macht den Kopf frei<\/strong><\/h3>\n\n\n\n<p class=\"has-text-align-right\">Wer wichtiges im Leben aufschreibt, muss sich nicht krampfhaft daran erinnern.<br>Er wei\u00df, wo es steht. Der Kopf ist frei f\u00fcr Anderes.<\/p>\n\n\n\n<p><\/p>\n\n\n\n<h3 class=\"has-text-align-right\"><strong>Geschriebenes Wort hat kein Verfallsdatum<\/strong><\/h3>\n\n\n\n<p class=\"has-text-align-right\">Ein 2. und 3. mal lesen vertieft das Geschriebene, es kann ein lebenslanger Begleiter sein.<br>Schreiben ist vor allem Begabung, aber auch Lebenshilfe und Handwerk.- Schreib&#8216; mal was!!<br><\/p>\n<\/div>\n\n\n\n<div class=\"wp-block-column\" style=\"flex-basis:66.66%\">\n<figure class=\"wp-block-image size-full\"><img loading=\"lazy\" width=\"1024\" height=\"768\" src=\"https:\/\/www.charmeundstil.de\/wp-content\/uploads\/2021\/04\/stil03-1.jpg\" alt=\"\" class=\"wp-image-128\" srcset=\"https:\/\/www.charmeundstil.de\/wp-content\/uploads\/2021\/04\/stil03-1.jpg 1024w, https:\/\/www.charmeundstil.de\/wp-content\/uploads\/2021\/04\/stil03-1-300x225.jpg 300w, https:\/\/www.charmeundstil.de\/wp-content\/uploads\/2021\/04\/stil03-1-768x576.jpg 768w\" sizes=\"(max-width: 1024px) 100vw, 1024px\" \/><\/figure>\n<\/div>\n<\/div>\n\n\n\n<p><\/p>\n","protected":false},"excerpt":{"rendered":"<p>Worte sind eine Macht Sie k\u00f6nnen t\u00f6ten oder vers\u00f6hnen, Hass oder Liebe verbreiten, aufwiegeln oder tr\u00f6sten. Einmal gesprochen sind sie nicht mehr zur\u00fcck zu holen. Wer etwas zu sagen hat, sollte seine Worte aufschreiben, nur dann sind sie korrigierbar. Aufgeschriebenes macht den Kopf frei Wer wichtiges im Leben aufschreibt, muss sich nicht krampfhaft daran erinnern.Er wei\u00df, wo es steht. Der Kopf ist frei f\u00fcr Anderes. Geschriebenes Wort hat kein Verfallsdatum Ein 2. und 3. mal lesen vertieft das Geschriebene, es kann ein lebenslanger Begleiter sein.Schreiben ist vor allem Begabung, aber auch Lebenshilfe und Handwerk.- Schreib&#8216; mal was!!<\/p>\n","protected":false},"author":1,"featured_media":0,"parent":0,"menu_order":0,"comment_status":"closed","ping_status":"closed","template":"","meta":[],"_links":{"self":[{"href":"https:\/\/www.charmeundstil.de\/index.php?rest_route=\/wp\/v2\/pages\/18"}],"collection":[{"href":"https:\/\/www.charmeundstil.de\/index.php?rest_route=\/wp\/v2\/pages"}],"about":[{"href":"https:\/\/www.charmeundstil.de\/index.php?rest_route=\/wp\/v2\/types\/page"}],"author":[{"embeddable":true,"href":"https:\/\/www.charmeundstil.de\/index.php?rest_route=\/wp\/v2\/users\/1"}],"replies":[{"embeddable":true,"href":"https:\/\/www.charmeundstil.de\/index.php?rest_route=%2Fwp%2Fv2%2Fcomments&post=18"}],"version-history":[{"count":8,"href":"https:\/\/www.charmeundstil.de\/index.php?rest_route=\/wp\/v2\/pages\/18\/revisions"}],"predecessor-version":[{"id":232,"href":"https:\/\/www.charmeundstil.de\/index.php?rest_route=\/wp\/v2\/pages\/18\/revisions\/232"}],"wp:attachment":[{"href":"https:\/\/www.charmeundstil.de\/index.php?rest_route=%2Fwp%2Fv2%2Fmedia&parent=18"}],"curies":[{"name":"wp","href":"https:\/\/api.w.org\/{rel}","templated":true}]}}