{"id":240,"date":"2021-10-21T11:28:09","date_gmt":"2021-10-21T11:28:09","guid":{"rendered":"https:\/\/www.charmeundstil.de\/?page_id=240"},"modified":"2021-10-21T11:50:33","modified_gmt":"2021-10-21T11:50:33","slug":"archiv","status":"publish","type":"page","link":"https:\/\/www.charmeundstil.de\/?page_id=240","title":{"rendered":"Archiv"},"content":{"rendered":"\n<p class=\"has-text-align-center\">\u00e4ltere Exemplare<\/p>\n\n\n\n<hr class=\"wp-block-separator is-style-wide\"\/>\n\n\n\n<div style=\"height:100px\" aria-hidden=\"true\" class=\"wp-block-spacer\"><\/div>\n\n\n\n<h3 class=\"has-text-align-center\">Willi, der kleine Chihuahua<\/h3>\n\n\n\n<p class=\"has-black-color has-text-color has-background\" style=\"background-color:#888888\">Ein kleiner Vierbeiner kommt daher,<br>wenn es klingelt an der Vorsaalt\u00fcr. Neugierig will er wissen,<br>kann ich bleiben oder muss ich mich verpissen.<br>Er wei\u00df genau, wem kann er vertrauen und wem nicht,<br>dies sieht er zum Beispiel an Dr. M\u00fcllers Gesicht.<br>Ganz schlimm wird\u2019s f\u00fcr ihn, h\u00f6rt er den Staubsauger kreischen,<br>dann hei\u00dft&#8217;s f\u00fcr ihn, nur schnell weichen.<br>Auf vier weichen Pfoten schleicht er umher,<br>mit einem Leckerli ist das Hundeleben halb so schwer.<\/p>\n\n\n\n<p class=\"has-black-color has-text-color has-background\" style=\"background-color:#888888\">Der Vorgarten ist sein heiliges Revier,<br>wachsam er dort stolz spaziert.<br>Dreizehn Jahre hat er auf seinem R\u00fccken<br>und kann immer noch entz\u00fccken.<br>Vor allem, wenn Lina kommt vorbei,<br>w\u00fcnscht sich Willi dreierlei,<br>dass erstens sie mit auf seinem Kissen liege,<br>dass zweitens sie sich mit ihm die Zeit vertriebe,<br>und dass drittens sie \u00fcber seine Anschmiegsamkeit und Treue<br>sich jeden Tag aufs Neue freue.<br>Zu zweit w\u00e4r&#8217;n sie ein tolles Gespann,<br>zeigten sie sich zusammen dann und wann.<br>Sie w\u00e4ren Gegenstand von jedem Gebell,<br>denn so eine Nachricht verbreitet sich schnell.<br>Vielleicht machen dann die gro\u00dfen Hunde einen Bogen,<br>kommt Willi mit seiner Dackeldame vorbeigezogen.<\/p>\n\n\n\n<p class=\"has-black-color has-text-color has-background\" style=\"background-color:#888888\">Doch auch Hunde tr\u00e4umen ganz gerne,<br>wenn sie abends schau&#8217;n in die Sterne.<br>Und liegen dann in ihrem K\u00f6rbchen<br>mit ganz possierlichen Kuscheltierchen.<br>Die Herrchen sind ja so bem\u00fcht,<br>dass es dem Willi g\u00fctlich geht.<br>Daf\u00fcr wacht er allezeit<br>und ist zu manchem Spa\u00df bereit.<\/p>\n\n\n\n<p class=\"has-black-color has-text-color has-background\" style=\"background-color:#888888\">Willi hat das Herz auf dem rechten Fleck.<br>Wen er liebt, den liebt er, wie die Maus den Speck.<br>Doch der sicherste Platz ist dann doch auf dem Scho\u00df der Mama &#8211;<br>Ist er doch ein kleiner s\u00fc\u00dfer Chihuahua.<\/p>\n\n\n\n<p><\/p>\n\n\n\n<hr class=\"wp-block-separator is-style-wide\"\/>\n\n\n\n<p><\/p>\n\n\n\n<h3 class=\"has-text-align-center\"><strong>Das Hormonverhalten der Hummeln im R\u00fcckenflug<\/strong><\/h3>\n\n\n\n<p class=\"has-drop-cap\"><em>Zum Hummelflug gibt es eine Vorgeschichte: Der Chef kommt mit einem neuen Mitarbeiter, um diesen in der Abteilung vorzustellen. Bei der gegenseitigen Vorstellung werde ich als Autor bezeichnet, worauf der neue Mitarbeiter wissen will, was ich so schreibe und berichte ihm von meinen &#8222;K\u00fcnsten&#8220;. Ganz spontan fragte er: &#8222;Dann k\u00f6nnen Sie doch auch sicher etwas \u00fcber das Hormonverhalten der Hummeln im R\u00fcckenflug schreiben!&#8220; Ich vernahm es als Gag und alle lachten dar\u00fcber, aber mich hat es nicht losgelassen und das Ergebnis lesen Sie hier:<\/em><\/p>\n\n\n\n<p class=\"has-text-align-center has-luminous-vivid-orange-color has-text-color\">Hummeln brummen und summen, so kennt man sie.<br>Doch was tun sie wirklich, man wei\u00df ja nie.<br>Sie leben als Volk, regiert von einer K\u00f6nigin,<br>als verschiedene Arten in B\u00e4umen oder in einem Erdloch drin.<br>Die Arbeiterinnen schaffen den ganzen Tag,<br>die m\u00e4nnlichen Drohnen befruchten, so wie jeder es mag.<br><br>Ganz n\u00fctzlich wagen sie sich raus, wenn andere Insekten kneifen,<br>bei 2\u00b0 Grad plus, da fahren andere noch mit Winterreifen.<br>Sie best\u00e4uben die Bl\u00fcten,schaffen Nektar in die Waben,<br>daran k\u00f6nnen sich alle anderen laben.<br>Ein Hummelleben aus Hummel Sicht,<br>da ist Schaffen, Schaffen, die oberste Pflicht.<br><br>Doch was jeder Mensch versp\u00fcrt,<br>ist, dass ihn etwas total ber\u00fchrt.<br>Er weint, er lacht, er ist wutig oder besch\u00e4mt,<br>das Eine puscht ihn, das Andere ihn l\u00e4hmt.<br><br>Wer w\u00fcrde denken, dass Hummeln dies nicht erleben.<br>Haben sie doch ihr t\u00e4gliches Ergeben.<br>Kommen an eine wundersch\u00f6ne Bl\u00fcte,<br>da werden schon die Fl\u00fcgel m\u00fcde.<br>Diese ist dann auch noch geleert,<br>ein weiter Weg umsonst, nun wird einfach umgekehrt.<br>Die n\u00e4chste Blume h\u00e4ngt um so voller,<br>der Nektar droht zu tropfen vom Poller.<br>Schwer bepackt kehrt sie zur\u00fcck den langen Weg,<br>da ist der Eingang schon belegt.<br>Es gibt kein b\u00f6ses Summen,<br>anstellen und Brummen<br>in fr\u00f6hlichem Ton,<br>viel Nektar rettet alle, das ist die Situation.<br>Die Arbeiterinnen erfahren nie das Gl\u00fcck der Paarung<br>Doch sie machen ganz andere Erfahrung.<br>Einmal am Tag fliegen sie einfach so<br>ohne Ziel ins Nirgendwo.<br>Es befl\u00fcgelt sie dann nur die Freude,<br>auf der Welt zu sein und Teil der Hummelmeute.<br>Dann wenden sie sich dem Himmel zu,<br>die Fassetten\u00e4uglein kommen zur Ruh,<br>Die Fl\u00fcgel schlagen nun von unten,<br>mit dem Auftrieb drehen sie ihre Runden.<br>Bis die Hormone signalisieren,<br>jetzt ist aber gut, ihr m\u00fcsst wieder rotieren.<br><br>So schaffen sie in ihrer kleinen Welt,<br>was ihnen gut tut und ihnen gef\u00e4llt.<br>Nur die Hormone wissen aber detailliert,<br>was das Gesamtwohl inspiriert.<br><br>Ach wenn es doch auch unter den Menschen so w\u00e4re.<br>Dann g\u00e4be es weder Krieg noch Leere.<br>Es g\u00e4be f\u00fcr jeden genug und jeder h\u00e4tte seinen Platz,<br>Jeder w\u00fcrde begreifen, das Gesamte ist der Schatz,<br>von dem alle leben und profitieren,<br>so k\u00f6nnte man die ganze Welt regieren.<br><br>Warum haben Menschen von den Tieren so viel abgeschaut,<br>nach oben und unten Bauen, sogar das Fliegen sich getraut.<br>Die Wissenschaftler sollten mal forschen in allern\u00e4chsten Zeiten,<br>wie die Hormone der Hummeln im R\u00fcckenflug sie leiten.<br>Was w\u00e4re besser, als zum Mars zu fliegen?<br>Sicherlich die Erde zu befrieden.<\/p>\n\n\n\n<hr class=\"wp-block-separator is-style-wide\"\/>\n\n\n\n<p><\/p>\n\n\n\n<h3 class=\"has-text-align-center\"><strong>Zukunft<\/strong><\/h3>\n\n\n\n<p class=\"has-text-align-center has-black-color has-text-color has-background\" style=\"background-color:#888888\">Du nimmst meine H\u00e4nde in die Deinen, als wolltest Du mir die Zukunft vorher sagen. Du siehst mir tief in die Augen, so als ob Du in die entfernteste Zeit sehen wolltest, die man sich vorstellen kann.<br><br>Du ber\u00fchrst meine Lippen mit Deinen Fingern, als sollte ich schweigen, weil Du mir mehr zusagen hast, als ich gerade vermag.<br><br>Du legst Deinen Kopf auf meine Schulter und schlie\u00dft Deine Augen. Du holst tief Luft, als wolltest Du die Zeichen der Zeit erkl\u00e4ren,<br><br>dann dr\u00fcckst du mich fest an Dich und sagst ganz leise: &#8222;Ich liebe Dich&#8220; und nach einer kleinen Pause:&#8220;f\u00fcr immer und ewig&#8220;.<\/p>\n\n\n\n<p class=\"has-text-align-center has-luminous-vivid-orange-color has-text-color\"><br><\/p>\n","protected":false},"excerpt":{"rendered":"<p>\u00e4ltere Exemplare Willi, der kleine Chihuahua Ein kleiner Vierbeiner kommt daher,wenn es klingelt an der Vorsaalt\u00fcr. Neugierig will er wissen,kann ich bleiben oder muss ich mich verpissen.Er wei\u00df genau, wem kann er vertrauen und wem nicht,dies sieht er zum Beispiel an Dr. M\u00fcllers Gesicht.Ganz schlimm wird\u2019s f\u00fcr ihn, h\u00f6rt er den Staubsauger kreischen,dann hei\u00dft&#8217;s f\u00fcr ihn, nur schnell weichen.Auf vier weichen Pfoten schleicht er umher,mit einem Leckerli ist das Hundeleben halb so schwer. Der Vorgarten ist sein heiliges Revier,wachsam er dort stolz spaziert.Dreizehn Jahre hat er auf seinem R\u00fcckenund kann immer noch entz\u00fccken.Vor allem, wenn Lina kommt vorbei,w\u00fcnscht sich Willi dreierlei,dass erstens sie mit auf seinem Kissen liege,dass zweitens sie sich mit ihm die Zeit vertriebe,und dass drittens sie \u00fcber seine Anschmiegsamkeit und Treuesich jeden Tag aufs Neue freue.Zu zweit w\u00e4r&#8217;n sie ein tolles Gespann,zeigten sie sich zusammen dann und wann.Sie w\u00e4ren Gegenstand von jedem Gebell,denn so eine Nachricht verbreitet sich schnell.Vielleicht machen dann die gro\u00dfen Hunde einen Bogen,kommt Willi mit seiner Dackeldame vorbeigezogen. Doch auch Hunde tr\u00e4umen ganz gerne,wenn sie abends schau&#8217;n in die Sterne.Und liegen dann in ihrem K\u00f6rbchenmit ganz possierlichen Kuscheltierchen.Die Herrchen sind ja so bem\u00fcht,dass es dem Willi g\u00fctlich geht.Daf\u00fcr wacht er allezeitund ist zu manchem Spa\u00df bereit. Willi hat das Herz auf dem rechten Fleck.Wen er liebt, den liebt er, wie die Maus den Speck.Doch der sicherste Platz ist dann doch auf dem Scho\u00df der Mama &#8211;Ist er doch ein kleiner s\u00fc\u00dfer Chihuahua. Das Hormonverhalten der Hummeln im R\u00fcckenflug Zum Hummelflug gibt es eine Vorgeschichte: Der Chef kommt mit einem neuen Mitarbeiter, um diesen in der Abteilung vorzustellen. Bei der gegenseitigen Vorstellung werde ich als Autor bezeichnet, worauf der neue Mitarbeiter wissen will, was ich so schreibe und berichte ihm von meinen &#8222;K\u00fcnsten&#8220;. Ganz spontan fragte er: &#8222;Dann k\u00f6nnen Sie doch auch sicher etwas \u00fcber das Hormonverhalten der Hummeln im R\u00fcckenflug schreiben!&#8220; Ich vernahm es als Gag und alle lachten dar\u00fcber, aber mich hat es nicht losgelassen und das Ergebnis lesen Sie hier: Hummeln brummen und summen, so kennt man sie.Doch was tun sie wirklich, man wei\u00df ja nie.Sie leben als Volk, regiert von einer K\u00f6nigin,als verschiedene Arten in B\u00e4umen oder in einem Erdloch drin.Die Arbeiterinnen schaffen den ganzen Tag,die m\u00e4nnlichen Drohnen befruchten, so wie jeder es mag. Ganz n\u00fctzlich wagen sie sich raus, wenn andere Insekten kneifen,bei 2\u00b0 Grad plus, da fahren andere noch mit Winterreifen.Sie best\u00e4uben die Bl\u00fcten,schaffen Nektar in die Waben,daran k\u00f6nnen sich alle anderen laben.Ein Hummelleben aus Hummel Sicht,da ist Schaffen, Schaffen, die oberste Pflicht. Doch was jeder Mensch versp\u00fcrt,ist, dass ihn etwas total ber\u00fchrt.Er weint, er lacht, er ist wutig oder besch\u00e4mt,das Eine puscht ihn, das Andere ihn l\u00e4hmt. Wer w\u00fcrde denken, dass Hummeln dies nicht erleben.Haben sie doch ihr t\u00e4gliches Ergeben.Kommen an eine wundersch\u00f6ne Bl\u00fcte,da werden schon die Fl\u00fcgel m\u00fcde.Diese ist dann auch noch geleert,ein weiter Weg umsonst, nun wird einfach umgekehrt.Die n\u00e4chste Blume h\u00e4ngt um so voller,der Nektar droht zu tropfen vom Poller.Schwer bepackt kehrt sie zur\u00fcck den langen Weg,da ist der Eingang schon belegt.Es gibt kein b\u00f6ses Summen,anstellen und Brummenin fr\u00f6hlichem Ton,viel Nektar rettet alle, das ist die Situation.Die Arbeiterinnen erfahren nie das Gl\u00fcck der PaarungDoch sie machen ganz andere Erfahrung.Einmal am Tag fliegen sie einfach soohne Ziel ins Nirgendwo.Es befl\u00fcgelt sie dann nur die Freude,auf der Welt zu sein und Teil der Hummelmeute.Dann wenden sie sich dem Himmel zu,die Fassetten\u00e4uglein kommen zur Ruh,Die Fl\u00fcgel schlagen nun von unten,mit dem Auftrieb drehen sie ihre Runden.Bis die Hormone signalisieren,jetzt ist aber gut, ihr m\u00fcsst wieder rotieren. So schaffen sie in ihrer kleinen Welt,was ihnen gut tut und ihnen gef\u00e4llt.Nur die Hormone wissen aber detailliert,was das Gesamtwohl inspiriert. Ach wenn es doch auch unter den Menschen so w\u00e4re.Dann g\u00e4be es weder Krieg noch Leere.Es g\u00e4be f\u00fcr jeden genug und jeder h\u00e4tte seinen Platz,Jeder w\u00fcrde begreifen, das Gesamte ist der Schatz,von dem alle leben und profitieren,so k\u00f6nnte man die ganze Welt regieren. Warum haben Menschen von den Tieren so viel abgeschaut,nach oben und unten Bauen, sogar das Fliegen sich getraut.Die Wissenschaftler sollten mal forschen in allern\u00e4chsten Zeiten,wie die Hormone der Hummeln im R\u00fcckenflug sie leiten.Was w\u00e4re besser, als zum Mars zu fliegen?Sicherlich die Erde zu befrieden. Zukunft Du nimmst meine H\u00e4nde in die Deinen, als wolltest Du mir die Zukunft vorher sagen. Du siehst mir tief in die Augen, so als ob Du in die entfernteste Zeit sehen wolltest, die man sich vorstellen kann. Du ber\u00fchrst meine Lippen mit Deinen Fingern, als sollte ich schweigen, weil Du mir mehr zusagen hast, als ich gerade vermag. Du legst Deinen Kopf auf meine Schulter und schlie\u00dft Deine Augen. Du holst tief Luft, als wolltest Du die Zeichen der Zeit erkl\u00e4ren, dann dr\u00fcckst du mich fest an Dich und sagst ganz leise: &#8222;Ich liebe Dich&#8220; und nach einer kleinen Pause:&#8220;f\u00fcr immer und ewig&#8220;.<\/p>\n","protected":false},"author":1,"featured_media":0,"parent":8,"menu_order":0,"comment_status":"closed","ping_status":"closed","template":"","meta":[],"_links":{"self":[{"href":"https:\/\/www.charmeundstil.de\/index.php?rest_route=\/wp\/v2\/pages\/240"}],"collection":[{"href":"https:\/\/www.charmeundstil.de\/index.php?rest_route=\/wp\/v2\/pages"}],"about":[{"href":"https:\/\/www.charmeundstil.de\/index.php?rest_route=\/wp\/v2\/types\/page"}],"author":[{"embeddable":true,"href":"https:\/\/www.charmeundstil.de\/index.php?rest_route=\/wp\/v2\/users\/1"}],"replies":[{"embeddable":true,"href":"https:\/\/www.charmeundstil.de\/index.php?rest_route=%2Fwp%2Fv2%2Fcomments&post=240"}],"version-history":[{"count":7,"href":"https:\/\/www.charmeundstil.de\/index.php?rest_route=\/wp\/v2\/pages\/240\/revisions"}],"predecessor-version":[{"id":257,"href":"https:\/\/www.charmeundstil.de\/index.php?rest_route=\/wp\/v2\/pages\/240\/revisions\/257"}],"up":[{"embeddable":true,"href":"https:\/\/www.charmeundstil.de\/index.php?rest_route=\/wp\/v2\/pages\/8"}],"wp:attachment":[{"href":"https:\/\/www.charmeundstil.de\/index.php?rest_route=%2Fwp%2Fv2%2Fmedia&parent=240"}],"curies":[{"name":"wp","href":"https:\/\/api.w.org\/{rel}","templated":true}]}}