{"id":25,"date":"2020-01-26T12:49:27","date_gmt":"2020-01-26T12:49:27","guid":{"rendered":"http:\/\/test.charmeundstil.de\/?page_id=25"},"modified":"2023-01-05T11:09:48","modified_gmt":"2023-01-05T11:09:48","slug":"kontakt","status":"publish","type":"page","link":"https:\/\/www.charmeundstil.de\/?page_id=25","title":{"rendered":"Kontakt"},"content":{"rendered":"\n<h2><em>Schreiben Sie mir!<\/em><\/h2>\n\n\n\n<p>Meine Kreativit\u00e4t und Flexibilit\u00e4t nur f\u00fcr Sie!<br>Spritzige Ideen, die Ihre pers\u00f6nliche Note tragen.<br><br>Anneliese Axthelm<br>Spanidiga 3\/F<br>52210 Rovinj<br>HRVATSKA \/ KROATIEN<\/p>\n\n\n\n<p>Email: mail ( at ) charmeundstil.de<\/p>\n","protected":false},"excerpt":{"rendered":"<p>Schreiben Sie mir! Meine Kreativit\u00e4t und Flexibilit\u00e4t nur f\u00fcr Sie!Spritzige Ideen, die Ihre pers\u00f6nliche Note tragen. Anneliese AxthelmSpanidiga 3\/F52210 RovinjHRVATSKA \/ KROATIEN Email: mail ( at ) charmeundstil.de<\/p>\n","protected":false},"author":1,"featured_media":0,"parent":0,"menu_order":0,"comment_status":"closed","ping_status":"closed","template":"","meta":[],"_links":{"self":[{"href":"https:\/\/www.charmeundstil.de\/index.php?rest_route=\/wp\/v2\/pages\/25"}],"collection":[{"href":"https:\/\/www.charmeundstil.de\/index.php?rest_route=\/wp\/v2\/pages"}],"about":[{"href":"https:\/\/www.charmeundstil.de\/index.php?rest_route=\/wp\/v2\/types\/page"}],"author":[{"embeddable":true,"href":"https:\/\/www.charmeundstil.de\/index.php?rest_route=\/wp\/v2\/users\/1"}],"replies":[{"embeddable":true,"href":"https:\/\/www.charmeundstil.de\/index.php?rest_route=%2Fwp%2Fv2%2Fcomments&post=25"}],"version-history":[{"count":4,"href":"https:\/\/www.charmeundstil.de\/index.php?rest_route=\/wp\/v2\/pages\/25\/revisions"}],"predecessor-version":[{"id":300,"href":"https:\/\/www.charmeundstil.de\/index.php?rest_route=\/wp\/v2\/pages\/25\/revisions\/300"}],"wp:attachment":[{"href":"https:\/\/www.charmeundstil.de\/index.php?rest_route=%2Fwp%2Fv2%2Fmedia&parent=25"}],"curies":[{"name":"wp","href":"https:\/\/api.w.org\/{rel}","templated":true}]}}