{"id":337,"date":"2025-03-12T07:49:53","date_gmt":"2025-03-12T07:49:53","guid":{"rendered":"https:\/\/www.charmeundstil.de\/?page_id=337"},"modified":"2025-03-15T13:13:38","modified_gmt":"2025-03-15T13:13:38","slug":"auswandern","status":"publish","type":"page","link":"https:\/\/www.charmeundstil.de\/?page_id=337","title":{"rendered":"Auswandern"},"content":{"rendered":"\n<p class=\"has-text-align-center has-medium-font-size\"><em>Gedanken, Gedichte und Geschichten rund ums Auswandern<\/em><\/p>\n\n\n<ul class=\"wp-block-latest-posts__list has-dates wp-block-latest-posts\"><li><a href=\"https:\/\/www.charmeundstil.de\/?p=459\">&#x2728;Neues aus dem Paradies<\/a><time datetime=\"2025-11-05T12:46:20+00:00\" class=\"wp-block-latest-posts__post-date\">5. November 2025<\/time><div class=\"wp-block-latest-posts__post-full-content\"><!-- wp:paragraph -->\n<p>Die Zeit vergeht wie im Flug, jetzt sind es schon 5 Jahre, dass ich in Kroatien lebe.<\/p>\n<!-- \/wp:paragraph -->\n\n<!-- wp:paragraph -->\n<p>F\u00fcr mich ist es wie ein kleines Paradies geworden, denn die Natur ist wundersch\u00f6n.<\/p>\n<!-- \/wp:paragraph -->\n\n<!-- wp:paragraph -->\n<p>Und die Menschen freundlich und nett. Das mit unserem ersten Vermieter war eine Ausnahme. Es gibt halt immer solche und solche. Aber unser jetziger Vermieter ist dankbar, Deutsche in seiner Wohnung als Mieter zu haben. Denn wir haben die Wohnung selber gemalert und vieles in Ordnung gebracht, daf\u00fcr hat er uns 3 Monatsmieten erlassen, da haben wir uns doch gefreut.<\/p>\n<!-- \/wp:paragraph -->\n\n<!-- wp:paragraph -->\n<p>Zahlen immer p\u00fcnktlich unsere Miete und ich sende jeden Monat die Stromablesung an den Vermieter, rechne im Jahr aus, was wir mehr verbraucht haben und zahle es am Ende des Jahres nach. Ich habe hier soviel gute Erfahrungen gemacht und bin sehr zufrieden.<\/p>\n<!-- \/wp:paragraph -->\n\n<!-- wp:paragraph -->\n<p>Allerdings muss man sich auch etwas an das mediterrane Leben anpassen. Die Einheimischen lieben das pingelische Verhalten bei den Deutschen gar nicht. Immer ein sauberes Auto oder jede Kleinigkeit gleich in Ordnung bringen, ist nicht beliebt. Meine Nachbarin wunderte sich, dass ich jede Woche putze. Aber wenn man die Einheimischen so akzeptiert, wie sie sind, tun sie es auch.<\/p>\n<!-- \/wp:paragraph -->\n\n<!-- wp:paragraph -->\n<p>Das Menschliche hat hier einen viel h\u00f6heren Stellenwert, als in Deutschland.<\/p>\n<!-- \/wp:paragraph -->\n\n<!-- wp:paragraph -->\n<p>Was ich auch sehr sch\u00e4tze ist, das ich ohne Angst hier leben kann. Mir ist es schon ein paarmal passiert, dass M\u00e4nner mit dem Auto angehalten haben, wenn ich mit meinem Hund eine Runde gedreht habe, haben die Scheibe runtergedreht oder sind ausgestiegen und haben mit mir erz\u00e4hlt, dass sie mich schon oft gesehen haben mit meinem Hund usw. Dann steigen sie wieder ins Auto und verabschieden sich mit vidimo se, was so viel hei\u00dft wie, bis bald . In Deutschland h\u00e4tte ich gesagt: fahr weiter, was willst du von mir. Es ist Tatsache, dass Kroatien den niedrigsten Stand in der EU hat, was die Kriminalit\u00e4tsrate betrifft. Also hier habe ich keine Angst Nachts irgendwo zu sein. Angst habe ich eher vor Wildschweinen.<\/p>\n<!-- \/wp:paragraph -->\n\n<!-- wp:paragraph -->\n<p>Und wenn man einem Kroaten erz\u00e4hlt, dass man hier wohnt und das schon seit 5 Jahren, hat man ihr Herz im Sturm erobert.<\/p>\n<!-- \/wp:paragraph -->\n\n<!-- wp:paragraph -->\n<p>Ich gehe im Winterhalbjahr jede Woche ins Hallenbad schwimmen, auch da sind die Leute, Bademeister, Kassierer etc. liebe Menschen, mit denen man sich immer gut unterhalten kann.<\/p>\n<!-- \/wp:paragraph -->\n\n<!-- wp:paragraph -->\n<p>In diesem Jahr war ich zum ersten Mal mit zur Olivenernte. Auch das hat Spa\u00df gemacht, auch wenn es viel Arbeit bedeutet. Der Preis f\u00fcr das wirklich gute Oliven\u00f6l hier in Kroatien ist wirklich angemessen, denn es steckt viel Arbeit dahinter.<\/p>\n<!-- \/wp:paragraph -->\n\n<!-- wp:paragraph -->\n<p>Nur mit der Sprache habe ich meine Probleme. Meine Nachbarin kommt immer mal mit einem neuen kroatischen Satz daher, den sie dann immer wieder sagt. Ich wei\u00df zwar, was sie meint, aber ich bringe diese W\u00f6rter nicht \u00fcber meine Zunge, es ist Wahnsinn. Aber trotzdem kommt man gut zurecht, mit Englisch, Italienisch und wenn man, wie ich 5 Jahre in der Schule Russisch hatte, hilft das auch manchmal. Ich dachte , ich finde junge Leute, die Deutsch sprechen und mir Kroatisch beibringen k\u00f6nnen, aber habe noch niemanden gefunden.<\/p>\n<!-- \/wp:paragraph -->\n\n<!-- wp:paragraph -->\n<p>Aber wenn man das Herz sprechen lassen kann, sind die Kroaten sprachlos. Habe z. B. jedes Jahr Brombeeren an den Gartenz\u00e4unen geerntet. In diesem Jahr war es eine besonders gute Ernte und etwas weiter drinnen hinter dem Zaun waren die Beeren am gr\u00f6\u00dften, aber ich kam nicht ran. Also bin ich nach Hause, habe ein Glas Brombeermarmelade geholt, auf meinem Handy einen Text eingegeben, dass ich jedes Jahr bei ihnen Beeren ernte und ich mich bedanke. Vielleicht k\u00f6nnte ich die restlichen auch ernten. Die Frau stand vor mir und wusste nicht, was sie sagen sollte. Sie schickte dann ihre kleine Tochter zu mir, die mir zeigen sollte, wie ich an die anderen Beeren komme. Das fand ich so super, sie hat nur mit dem Kopf genickt, als wollte sie sagen: ja machen sie nur, bei uns i\u00dft die eh keiner. Kroatien ist eine Reise wert und wenn man das Land und die Leute kennengelernt hat, ist es nicht au\u00dfergew\u00f6hnlich, dass man hier wohnen will.<\/p>\n<!-- \/wp:paragraph -->\n\n<!-- wp:paragraph -->\n<p>Heimat ist dort, wo man sich wohlf\u00fchlt.<\/p>\n<!-- \/wp:paragraph -->\n\n<!-- wp:paragraph -->\n<p>Lasst eure Pl\u00e4ne h\u00f6ren, liebe Gr\u00fc\u00dfe von Anne<\/p>\n<!-- \/wp:paragraph --><\/div><\/li>\n<li><a href=\"https:\/\/www.charmeundstil.de\/?p=341\">Ein neues Jahr im Paradies<\/a><time datetime=\"2024-03-03T08:28:00+00:00\" class=\"wp-block-latest-posts__post-date\">3. M\u00e4rz 2024<\/time><div class=\"wp-block-latest-posts__post-full-content\"><!-- wp:media-text {\"mediaId\":427,\"mediaLink\":\"https:\/\/www.charmeundstil.de\/?attachment_id=427\",\"mediaType\":\"image\"} -->\n<div class=\"wp-block-media-text alignwide is-stacked-on-mobile\"><figure class=\"wp-block-media-text__media\"><img loading=\"lazy\" width=\"640\" height=\"427\" src=\"https:\/\/www.charmeundstil.de\/wp-content\/uploads\/2024\/03\/IMG_9039a.jpg\" alt=\"\" class=\"wp-image-427 size-full\" srcset=\"https:\/\/www.charmeundstil.de\/wp-content\/uploads\/2024\/03\/IMG_9039a.jpg 640w, https:\/\/www.charmeundstil.de\/wp-content\/uploads\/2024\/03\/IMG_9039a-300x200.jpg 300w\" sizes=\"(max-width: 640px) 100vw, 640px\" \/><\/figure><div class=\"wp-block-media-text__content\"><!-- wp:paragraph {\"placeholder\":\"Inhalt\u00a0\u2026\",\"fontSize\":\"small\"} -->\n<p class=\"has-small-font-size\">Ein neues Jahr im Paradies und wie ich das hier genie\u00df\u2019.<br>Vier Jahre lebe ich schon hier und so wie es ist, gef\u00e4llt es mir.<br>Im letzten Jahr kam zwar der Euro<br>und das bedeutete ein richtiges Teuro.<br>Trotzdem lebt es sich ruhiger hier,<br>denn ohne Stress schmeckt besser das Bier,<br>als im deutschen Land,<br>wo nichts mehr l\u00e4uft, weil \u00fcberall im Getriebe ist Sand.<\/p>\n<!-- \/wp:paragraph --><\/div><\/div>\n<!-- \/wp:media-text -->\n\n<!-- wp:paragraph -->\n<p><\/p>\n<!-- \/wp:paragraph -->\n\n<!-- wp:media-text {\"mediaPosition\":\"right\",\"mediaId\":428,\"mediaLink\":\"https:\/\/www.charmeundstil.de\/?attachment_id=428\",\"mediaType\":\"image\"} -->\n<div class=\"wp-block-media-text alignwide has-media-on-the-right is-stacked-on-mobile\"><figure class=\"wp-block-media-text__media\"><img loading=\"lazy\" width=\"640\" height=\"427\" src=\"https:\/\/www.charmeundstil.de\/wp-content\/uploads\/2024\/03\/IMG_9111a.jpg\" alt=\"\" class=\"wp-image-428 size-full\" srcset=\"https:\/\/www.charmeundstil.de\/wp-content\/uploads\/2024\/03\/IMG_9111a.jpg 640w, https:\/\/www.charmeundstil.de\/wp-content\/uploads\/2024\/03\/IMG_9111a-300x200.jpg 300w\" sizes=\"(max-width: 640px) 100vw, 640px\" \/><\/figure><div class=\"wp-block-media-text__content\"><!-- wp:paragraph {\"placeholder\":\"Inhalt\u00a0\u2026\",\"fontSize\":\"small\"} -->\n<p class=\"has-small-font-size\">Es sind die Menschen, die Natur und das Meer,<br>was ich liebe ganz, ganz sehr.<br>Das alles erdet mich Tag f\u00fcr Tag,<br>egal, was die Zukunft bringen mag.<\/p>\n<!-- \/wp:paragraph --><\/div><\/div>\n<!-- \/wp:media-text -->\n\n<!-- wp:paragraph -->\n<p><\/p>\n<!-- \/wp:paragraph -->\n\n<!-- wp:media-text {\"mediaId\":426,\"mediaLink\":\"https:\/\/www.charmeundstil.de\/?attachment_id=426\",\"mediaType\":\"image\"} -->\n<div class=\"wp-block-media-text alignwide is-stacked-on-mobile\"><figure class=\"wp-block-media-text__media\"><img loading=\"lazy\" width=\"640\" height=\"427\" src=\"https:\/\/www.charmeundstil.de\/wp-content\/uploads\/2024\/03\/IMG_9034a.jpg\" alt=\"\" class=\"wp-image-426 size-full\" srcset=\"https:\/\/www.charmeundstil.de\/wp-content\/uploads\/2024\/03\/IMG_9034a.jpg 640w, https:\/\/www.charmeundstil.de\/wp-content\/uploads\/2024\/03\/IMG_9034a-300x200.jpg 300w\" sizes=\"(max-width: 640px) 100vw, 640px\" \/><\/figure><div class=\"wp-block-media-text__content\"><!-- wp:paragraph {\"placeholder\":\"Inhalt\u00a0\u2026\",\"fontSize\":\"small\"} -->\n<p class=\"has-small-font-size\">Mit meiner Hunde \u2013 Dame Dora<br>bin ich unterwegs in Fauna und Flora,<br>bei jedem Wetter, ob Sonne, Wind oder Regen,<br>f\u00fcr mich ist das ein gro\u00dfer Segen.<br>Bewegung an der frischen Luft,<br>B\u00e4ume und Blumen verstr\u00f6men Duft,<br>im Winter in der Adria die F\u00fc\u00dfe baden,<br>kann der Gesundheit ja nicht schaden.<br>Die Dora liegt am Strand und beobachtet mich<br>Und denkt: die Anne hat nen\u2018 Stich.<br>Sie liebt das Wasser nicht so wie ich,<br>vielleicht hat Dora ja nen\u2018 Stich.<\/p>\n<!-- \/wp:paragraph --><\/div><\/div>\n<!-- \/wp:media-text -->\n\n<!-- wp:paragraph -->\n<p><\/p>\n<!-- \/wp:paragraph -->\n\n<!-- wp:paragraph {\"align\":\"center\",\"fontSize\":\"small\"} -->\n<p class=\"has-text-align-center has-small-font-size\">Nur eins will ich noch \u00e4ndern in meinem Leben,<br>Kroatisch lernen- als Hommage an das Land zu geben,<br>denn wirklich brauchen tue ich es nicht,<br>weil fast Jeder Deutsch oder Englisch spricht.<br>Doch Kroatisch ist wirklich schwer,<br>das geht nicht alleine,<br>doch wer hilft mir, wer?<br>Wer hat Lust und Zeit<br>und ist dazu bereit,<br>mir das alles beizubringen<br>und mit viel Geduld schafft das Gelingen.<\/p>\n<!-- \/wp:paragraph -->\n\n<!-- wp:paragraph -->\n<p><\/p>\n<!-- \/wp:paragraph -->\n\n<!-- wp:paragraph {\"align\":\"center\",\"fontSize\":\"small\"} -->\n<p class=\"has-text-align-center has-small-font-size\">Doch ich bin schon immer ein Optimist gewesen<br>Und ich glaub, ich fre\u00df\u2018 den Besen,<br>wenn es mir sollte nicht gelingen,<br>kroatisch zu sein und auch so zu klingen.<\/p>\n<!-- \/wp:paragraph -->\n\n<!-- wp:paragraph {\"align\":\"center\",\"fontSize\":\"small\"} -->\n<p class=\"has-text-align-center has-small-font-size\">Im 4. Jahr im neuen Leben,<br>zeigt mir \u2013 es war nicht vergebens.<\/p>\n<!-- \/wp:paragraph -->\n\n<!-- wp:spacer -->\n<div style=\"height:100px\" aria-hidden=\"true\" class=\"wp-block-spacer\"><\/div>\n<!-- \/wp:spacer -->\n\n<!-- wp:separator -->\n<hr class=\"wp-block-separator\" \/>\n<!-- \/wp:separator -->\n\n<!-- wp:spacer -->\n<div style=\"height:100px\" aria-hidden=\"true\" class=\"wp-block-spacer\"><\/div>\n<!-- \/wp:spacer --><\/div><\/li>\n<li><a href=\"https:\/\/www.charmeundstil.de\/?p=305\">Umzug im Paradies<\/a><time datetime=\"2023-01-05T11:45:22+00:00\" class=\"wp-block-latest-posts__post-date\">5. Januar 2023<\/time><div class=\"wp-block-latest-posts__post-full-content\"><!-- wp:paragraph {\"align\":\"center\"} -->\n<p class=\"has-text-align-center\">Niemals h\u00e4tte ich gedacht,<br>dass uns im Paradies jemand \u00c4rger macht.<br>Aber unserm Vermieter, ein Finanzbeamter-Herr,<br>war die Miete zu wenig, also musste eine L\u00f6sung her.<br>Er hatte nur das Geld vor Augen,<br>die f\u00fcr Menschlichkeit nicht taugen.<br>Doch eine sehr liebe Nachbarin<br>wies uns auf eine leere Wohnung hin.<br>So sind wir dem Vermieter zuvorgekommen,<br>haben das H\u00e4uschen gek\u00fcndigt und unsere 7 Sachen genommen<br>und sind nach fast 2 \u00bd Jahren ausgezogen<br>und 200 m weiter in eine Wohnung eingezogen.<br>Nach einiger Zeit des Renovierens und Putzen,<br>Erneuern und schauen, wie k\u00f6nnen wir dies nutzen,<br>haben wir mit Schubkarren und H\u00e4nger<br>alles transportiert, was war k\u00fcrzer oder l\u00e4nger.<br>So haben wir unser neues Heim in Besitz genommen,<br>leben weiter im Gr\u00fcnen und haben dazu gewonnen,<br>n\u00e4mlich liebe Nachbarn oben und neben und gegen\u00fcber,<br>zu denen geht man gern mal r\u00fcber.<br>Zu einem Plausch oder man hilft sich gegenseitig,<br>oder man braucht sich anderweitig.<br>So kennen wir es aus der DDR,<br>ein Miteinander trotz Stasi-Wehr.<br>Und nicht zuletzt, auch unsere Dora f\u00fchlt sich wohl,<br>kennt sie das Umfeld und Leute sehr wohl.<br>Dora hat viel zu schauen der Leute wegen,<br>das kommt ihrer Neugier sehr entgegen.<br>So leben wir weiter im Paradies,<br>200 m weiter und wir genie\u00dfen dies.<br>So kann auch aus einem Ende ein Neuanfang werden,<br>selbst im Rentenalter hier auf Erden.<\/p>\n<!-- \/wp:paragraph -->\n\n<!-- wp:spacer -->\n<div style=\"height:100px\" aria-hidden=\"true\" class=\"wp-block-spacer\"><\/div>\n<!-- \/wp:spacer -->\n\n<!-- wp:separator -->\n<hr class=\"wp-block-separator\" \/>\n<!-- \/wp:separator -->\n\n<!-- wp:spacer -->\n<div style=\"height:100px\" aria-hidden=\"true\" class=\"wp-block-spacer\"><\/div>\n<!-- \/wp:spacer --><\/div><\/li>\n<li><a href=\"https:\/\/www.charmeundstil.de\/?p=179\">Es gibt allerhand Neuigkeiten<\/a><time datetime=\"2021-04-12T20:27:33+00:00\" class=\"wp-block-latest-posts__post-date\">12. April 2021<\/time><div class=\"wp-block-latest-posts__post-full-content\"><!-- wp:media-text {\"mediaId\":433,\"mediaLink\":\"https:\/\/www.charmeundstil.de\/?attachment_id=433\",\"mediaType\":\"image\"} -->\n<div class=\"wp-block-media-text alignwide is-stacked-on-mobile\"><figure class=\"wp-block-media-text__media\"><img loading=\"lazy\" width=\"640\" height=\"427\" src=\"https:\/\/www.charmeundstil.de\/wp-content\/uploads\/2021\/04\/IMG_9062a.jpg\" alt=\"\" class=\"wp-image-433 size-full\" srcset=\"https:\/\/www.charmeundstil.de\/wp-content\/uploads\/2021\/04\/IMG_9062a.jpg 640w, https:\/\/www.charmeundstil.de\/wp-content\/uploads\/2021\/04\/IMG_9062a-300x200.jpg 300w\" sizes=\"(max-width: 640px) 100vw, 640px\" \/><\/figure><div class=\"wp-block-media-text__content\"><!-- wp:paragraph {\"fontSize\":\"small\"} -->\n<p class=\"has-small-font-size\">2021 ein neues Jahr ist angebrochen und eine weitere Ver\u00e4nderung in meinem Leben ist gegl\u00fcckt.<br>Ich bin ausgewandert, nach Kroatien, besser gesagt Istrien, mitten in der Coronapandemie!!!!<br>Wie kam es dazu?<\/p>\n<!-- \/wp:paragraph --><\/div><\/div>\n<!-- \/wp:media-text -->\n\n<!-- wp:paragraph -->\n<p><\/p>\n<!-- \/wp:paragraph -->\n\n<!-- wp:paragraph -->\n<p><\/p>\n<!-- \/wp:paragraph -->\n\n<!-- wp:media-text {\"mediaPosition\":\"right\",\"mediaId\":432,\"mediaLink\":\"https:\/\/www.charmeundstil.de\/?attachment_id=432\",\"mediaType\":\"image\"} -->\n<div class=\"wp-block-media-text alignwide has-media-on-the-right is-stacked-on-mobile\"><figure class=\"wp-block-media-text__media\"><img loading=\"lazy\" width=\"640\" height=\"427\" src=\"https:\/\/www.charmeundstil.de\/wp-content\/uploads\/2021\/04\/IMG_9040a.jpg\" alt=\"\" class=\"wp-image-432 size-full\" srcset=\"https:\/\/www.charmeundstil.de\/wp-content\/uploads\/2021\/04\/IMG_9040a.jpg 640w, https:\/\/www.charmeundstil.de\/wp-content\/uploads\/2021\/04\/IMG_9040a-300x200.jpg 300w\" sizes=\"(max-width: 640px) 100vw, 640px\" \/><\/figure><div class=\"wp-block-media-text__content\"><!-- wp:paragraph {\"fontSize\":\"small\"} -->\n<p class=\"has-small-font-size\">Als ich im Fr\u00fchjahr 2004 meinen Mann kennenlernte und wir im Nebenjob viel Zeit miteinander verbrachten, er als Barkeeper, ich als K\u00f6chin, fragte ich ihn, ob er mit mir in Urlaub fahren m\u00f6chte. Es war Zeit f\u00fcr eine Pause.<br>War es Zufall, Schicksal oder Gl\u00fcck, dass er ja sagte und wir nach Kroatien in den Urlaub fuhren und uns in dieses Land verliebten. 16 Jahre lang sind wir dorthin in den Urlaub gefahren und das Land und die Leute wurden uns immer mehr vertraut.<br>Als sich das Rentenalter n\u00e4herte, beschlossen wir, dorthin auszuwandern. Es gab viele Gr\u00fcnde auszuwandern. Das bessere Klima, saubere Luft, viel unber\u00fchrte Natur und nicht zuletzt freundliche Menschen, die wir kennen gelernt haben und mit denen wir bis heute befreundet sind. Abgesehen wurde das Leben in Deutschland nicht leichter. Unzufriedenheit \u00fcber die Politik und Wirtschaft waren nicht selten der Grund f\u00fcr das Ziel, unseren letzten Lebensabschnitt leichter zu verbringen.<\/p>\n<!-- \/wp:paragraph --><\/div><\/div>\n<!-- \/wp:media-text -->\n\n<!-- wp:paragraph {\"align\":\"center\",\"textColor\":\"vivid-purple\"} -->\n<p class=\"has-text-align-center has-vivid-purple-color has-text-color\"><em>Denk ich an Dtl. in der Nacht,<br>bin ich um meinen Schlaf gebracht\u2026<\/em><\/p>\n<!-- \/wp:paragraph -->\n\n<!-- wp:paragraph {\"align\":\"center\",\"textColor\":\"vivid-purple\"} -->\n<p class=\"has-text-align-center has-vivid-purple-color has-text-color\"><em>doch eben diesen wiederzufinden,<br>musste ich mich gar \u00fcberwinden<br>und einen Entschluss zur \u00c4nderung fassen<br>und dieses Land sehr bald zu verlassen.<br>Abzuw\u00e4gen, informieren, was ist wenn und was wird passieren,<br>wenn die Heimat wird verlassen,<br>muss ich dann auch Federn lassen?<br>Alle diese Fragen standen im Raum,<br>doch wirklich \u00e4ngstlich war ich kaum,\u00a0\u00a0\u00a0\u00a0\u00a0<br>Infos brauchte ich jetzt und nicht erst dann,<br>ich fing gleich zu googeln an,<br>recherchierte, las und fragte,<br>auch das, was sicher keiner wagte,<br>Und siehe da, irgendwann,<br>stand kein Problem zum googeln mehr an.<br>Denn auch in andren L\u00e4ndern leben Menschen zur Gen\u00fcge,<br>in einem ganz sozialen Gef\u00fcge,<br>die arbeiten, leben,\u00a0trinken und essen<br>und dabei ganz gewiss nicht vergessen,<br>wirklich zu leben und zu genie\u00dfen<br>und nicht wie in Dtl. zu verdrie\u00dfen.<br>Das Abenteuer konnte beginnen,<br>ich wusste ich konnte nur dabei gewinnen.<br>Gesagt, getan, zum Aufbruch blasen,<br>die alten Gewohnheiten einfach lassen.<br>Was ich nicht brauchte, wurde verkauft oder verschenkt,<br>gut, wenn man an keinem irdischen Gut h\u00e4ngt.<br>Dann endlich, ohne viel Ballast, aber Freude im Herzen,<br>auf in die neue\u00a0Heimat auch mit Wehmut und ein wenig Bauchschmerzen.<br>Doch als ich endlich am Ziel ankam,<br>wurde mir ums Herz ganz warm.<br>Nun lebe ich hier,<br>die neue Heimat weckt meine Neugier,<br>schnell fanden sich liebe Menschen, mit denen freundet man sich an,<br>was man von unseren Nachbarn in Dtl. nicht sagen kann.<br>Die Beh\u00f6rden hier arbeiten freundlich und flott,<br>nur mit den dt. Beh\u00f6rden habe ich immer noch meine Not.<br>Deshalb wei\u00df ich, ich hab alles richtig gemacht,<br>denn Dtl. hat mich um meinen Schlaf gebracht.<br>Hier schlaf ich tief und fest,<br>das Paradies sorgt f\u00fcr den Rest.\u00a0<\/em><\/p>\n<!-- \/wp:paragraph -->\n\n<!-- wp:paragraph {\"fontSize\":\"small\"} -->\n<p class=\"has-small-font-size\">In den letzten Jahren haben wir gezielt nach einer Bleibe Ausschau gehalten, haben uns viele H\u00e4user, Wohnungen angeschaut, aber es war nicht das Richtige dabei. Wir beschlossen, eine Maklerin einzuschalten und das war das Beste, was uns passieren konnte.<br>Im Urlaub Herbst 2019 zeigte sie uns 3 Objekte und beim letzten Angebot ging uns das Herz auf und wir wussten, DAS ist es.<br>Noch im Urlaub erledigte sie alles, vom Mietvertrag, \u00fcber die Grundbucheintragung, alles in deutscher Sprache, Unterschriften usw. alles perfekt. Ende M\u00e4rz 2020 wollten wir einziehen.<br>Zu Hause wurde alles gek\u00fcndigt, eingepackt, verkauft, verschenkt, wir lebten aus Kartons und Kisten und die Vorfreude war allgegenw\u00e4rtig.<\/p>\n<!-- \/wp:paragraph -->\n\n<!-- wp:paragraph -->\n<p><\/p>\n<!-- \/wp:paragraph -->\n\n<!-- wp:paragraph {\"fontSize\":\"small\"} -->\n<p class=\"has-small-font-size\">Und dann kam Corona!<br>Was tun? Mietvertrag war gek\u00fcndigt und die Grenzen dicht. Unsere Vermieterin gew\u00e4hrte uns nach der K\u00fcndigung keinen Aufschub. Eine gute Freundin half. Sie kannte jemand mit einer kleinen Einliegerwohnung und wir zogen mit unseren Kartons noch einmal um. Unser Hausrat war nun an 4 verschiedenen Orten gelagert. Die Frau, die uns liebevoll in unserer Not aufnahm, waren wir sehr dankbar und es war eine Win-Win Situation. Sie war nicht allein und wir hatten eine Bleibe.<br>Corona hat alles durcheinandergew\u00fcrfelt. Alles war in Frage gestellt. Reisen ging nicht, Test konnte man nicht einfach so machen.<br>So verbrachten wir Weihnachten und den Jahreswechsel im \u201eDurchgangslager\u201c.<br>Aber wir hatten erst mal Alles, was wir zum Leben brauchten. So einfach kann man leben. Ich h\u00e4tte mir nicht tr\u00e4umen lassen, dass einer meiner tats\u00e4chlichen Gr\u00fcnde zum Auswandern, n\u00e4mlich ein bescheideneres, einfacheres Leben zu f\u00fchren, sich so schnell wahr werden w\u00fcrde.<br>Als sich Anfang Mai 2020 ein kleines Fenster \u00f6ffnete und die reisen durften, die einen driftigen Grund hatten, packten wir Auto und geborgten H\u00e4nger voll und fuhren los, nicht wissend, ob wir es ans Ziel schaffen werden.<br>Angespannt, aber froh fuhren wir los.<br>In \u00d6sterreich Reifenpanne am Anh\u00e4nger, 2 Std. Reparaturpause in einer Werkstatt. An der kroatischen Grenze brauchte man 2 Std., um uns letztlich zu sagen, dass die Situation schwierig ist, aber wir fahren durften.<br>\u00dcbergl\u00fccklich fuhren wir weiter und es wurde schon dunkel, als wir vor unserem neuen Zuhause ankamen. Auto und H\u00e4nger waren schnell abgeladen. Wir k\u00f6pften eine Flasche Sekt, tranken sie aus und fielen todm\u00fcde ins Bett.<br>Am Morgen erwachten wir bei Sonnenschein, Vogelgezwitscher im Paradies.<\/p>\n<!-- \/wp:paragraph --><\/div><\/li>\n<\/ul>\n\n\n<p><\/p>\n\n\n\n<p><\/p>\n","protected":false},"excerpt":{"rendered":"<p>Gedanken, Gedichte und Geschichten rund ums Auswandern<\/p>\n","protected":false},"author":1,"featured_media":0,"parent":0,"menu_order":0,"comment_status":"closed","ping_status":"closed","template":"","meta":[],"_links":{"self":[{"href":"https:\/\/www.charmeundstil.de\/index.php?rest_route=\/wp\/v2\/pages\/337"}],"collection":[{"href":"https:\/\/www.charmeundstil.de\/index.php?rest_route=\/wp\/v2\/pages"}],"about":[{"href":"https:\/\/www.charmeundstil.de\/index.php?rest_route=\/wp\/v2\/types\/page"}],"author":[{"embeddable":true,"href":"https:\/\/www.charmeundstil.de\/index.php?rest_route=\/wp\/v2\/users\/1"}],"replies":[{"embeddable":true,"href":"https:\/\/www.charmeundstil.de\/index.php?rest_route=%2Fwp%2Fv2%2Fcomments&post=337"}],"version-history":[{"count":4,"href":"https:\/\/www.charmeundstil.de\/index.php?rest_route=\/wp\/v2\/pages\/337\/revisions"}],"predecessor-version":[{"id":441,"href":"https:\/\/www.charmeundstil.de\/index.php?rest_route=\/wp\/v2\/pages\/337\/revisions\/441"}],"wp:attachment":[{"href":"https:\/\/www.charmeundstil.de\/index.php?rest_route=%2Fwp%2Fv2%2Fmedia&parent=337"}],"curies":[{"name":"wp","href":"https:\/\/api.w.org\/{rel}","templated":true}]}}