{"id":351,"date":"2025-03-12T09:04:31","date_gmt":"2025-03-12T09:04:31","guid":{"rendered":"https:\/\/www.charmeundstil.de\/?page_id=351"},"modified":"2025-03-12T12:03:53","modified_gmt":"2025-03-12T12:03:53","slug":"leseprobe-wenn-deine-worte-nicht-reichen-nimm-doch-meine","status":"publish","type":"page","link":"https:\/\/www.charmeundstil.de\/?page_id=351","title":{"rendered":"Leseprobe &#8211; Wenn deine Worte nicht reichen, nimm doch Meine"},"content":{"rendered":"\n<p class=\"has-text-align-center\"><em>Gedichte f\u00fcr alle Lebenslagen <\/em><\/p>\n\n\n\n<div class=\"wp-block-image\"><figure class=\"aligncenter size-large is-resized\"><img loading=\"lazy\" src=\"https:\/\/www.charmeundstil.de\/wp-content\/uploads\/2025\/03\/img096-715x1024.jpg\" alt=\"\" class=\"wp-image-348\" width=\"308\" height=\"441\"\/><\/figure><\/div>\n\n\n\n<p class=\"has-text-align-center has-vivid-purple-color has-text-color has-medium-font-size\"><strong>1.3. Die Welt ver\u00e4ndert sich<\/strong><\/p>\n\n\n\n<p class=\"has-text-align-center\">Bringt eine Frau ein Kind zur Welt,<br>wird die Welt auf den Kopf gestellt.<br>Nichts mehr ist, so wie es war.<br>Ein Kind bringt Ver\u00e4nderung, das ist Euch doch klar.<br>Baby hier und Baby da,<br>Ihr seid nur f\u00fcr das Baby da.<br>Am Anfang schl\u00e4ft es Tag und Nacht,<br>ihm wird die Milch an den Mund gebracht.<br>Volle Windeln wechselt Ihr oft,<br>der Duft voller Windeln ist nicht immer soft.<br>Ihr hegt und pflegt Euer Baby, wann immer es schreit.<br>Auch mitten in der Nacht seid Ihr dazu bereit.<br>Dann l\u00e4chelt Euer Baby das erste Mal,<br>dann seid Ihr Euch sicher, was Ihr gezeugt habt, ist erste Wahl.<br>Gl\u00fccklich seid Ihr von alleine.<br>Probleme gibt es jetzt noch keine<br>Genie\u00dft diese Gl\u00fcckseligkeit,<br>denn es kommt auch eine andere Zeit.<br>Eltern sein und Kinder haben,<br>hei\u00dft, stolz sein Wissen weitertragen.<br>Lieben und geliebt zu werden,<br>ist doch das Sch\u00f6nste hier auf Erden.<\/p>\n\n\n\n<p class=\"has-text-align-center has-vivid-purple-color has-text-color has-medium-font-size\"><strong>5.4. Ne coole Socke<\/strong><\/p>\n\n\n\n<p class=\"has-text-align-center\">Ne coole Socke bist Du jetzt,<br>als Teenager stehst Du ganz fest.<br>Die Abenteuerlust kommt jetzt ins Spiel,<br>der Alltag aber verlangt auch von Dir viel.<br>Nutz das Dopamin nicht nur f\u00fcr den Kick,<br>sondern auch zum Lernen f\u00fcr Dein Gl\u00fcck.<br>Lass Spa\u00df, Spannung zu, aber auch Neugier und Mut,<br>dann geht es Dir im Leben meist gut.<br>Coole Spr\u00fcche allein reichen nicht aus,<br>Erfahrungen sammeln und mach was draus.<br>Auch Folgen sind nicht ausgeschlossen,<br>wenn Du mal `nen Bock geschossen.<br>Wichtig ist, Du lernst daraus,<br>dann bist allezeit \u00b4ne coole Maus.<\/p>\n\n\n\n<p class=\"has-text-align-center has-vivid-purple-color has-text-color has-medium-font-size\"><strong>8.4. Sehnsucht nach Deinem Erdbeerkuchen<\/strong><\/p>\n\n\n\n<p class=\"has-text-align-center\">Es war genau vor einem Jahr,<br>an einem Montag, was da geschah.<br>Wir kannten uns schon, einfach so,<br>da traf ich Dich und war so froh.<br>Ich laberte bei Caf\u00e9 und Eis,<br>ich schwitzte, der Sommer war hei\u00df.<br>Du ludst mich ein zu einer Fete,<br>Dein Erdbeerkuchen war lecker \u201ealter Schwede\u201c,<br>Nun bin ich s\u00fcchtig nach Deinem Erdbeerkuchen.<br>Was muss ich tun, um ihn auf Dauer zu buchen?<br>Vielleicht auch Dich mit all Deinen Fassetten<br>und andere K\u00f6stlichkeiten bei Dir entdecken.<\/p>\n\n\n\n<p class=\"has-text-align-center has-vivid-purple-color has-text-color has-medium-font-size\"><strong>26.2. Erinnerung<\/strong><\/p>\n\n\n\n<p class=\"has-text-align-center\">Was man tief im Herzen kann sp\u00fcren,<br>kann man durch den Tod nicht verlieren.<br>Denn den Menschen, den man liebt,<br>dessen Platz im Herzen blieb.<br>Schmerzt auch vorerst der Verlust,<br>bleibt die Erinnerung in der Brust,<br>das Herz erinnert sich genau<br>was wirklich z\u00e4hlte in der Lebensschau.<\/p>\n\n\n\n<p class=\"has-text-align-center has-vivid-purple-color has-text-color has-medium-font-size\"><strong>27.3. Stricken<\/strong><\/p>\n\n\n\n<p class=\"has-text-align-center\">Zum Stricken geboren,<br>strickst Du f\u00fcr H\u00e4nde, F\u00fc\u00dfe und auch Ohren.<br>Masche f\u00fcr Masche auf die Nadel gereiht<br>f\u00fcr Socken, M\u00fctzen, sogar f\u00fcr ein Kleid.<br>Doch irgendwann ist es genug,<br>spring auf einen anderen Zug.<br>Jetzt h\u00e4kelst Du so Kleinigkeiten,<br>die den Enkeln Freude bereiten.<br>Mal ist&#8217;s ein Schmetterling oder &#8217;ne Raupe,<br>mal eine Maus mit &#8217;ner Grubenhaube.<br>Das ist ein ganz neues Flair,<br>es macht s\u00fcchtig nach Figuren und mehr.<\/p>\n","protected":false},"excerpt":{"rendered":"<p>Gedichte f\u00fcr alle Lebenslagen 1.3. Die Welt ver\u00e4ndert sich Bringt eine Frau ein Kind zur Welt,wird die Welt auf den Kopf gestellt.Nichts mehr ist, so wie es war.Ein Kind bringt Ver\u00e4nderung, das ist Euch doch klar.Baby hier und Baby da,Ihr seid nur f\u00fcr das Baby da.Am Anfang schl\u00e4ft es Tag und Nacht,ihm wird die Milch an den Mund gebracht.Volle Windeln wechselt Ihr oft,der Duft voller Windeln ist nicht immer soft.Ihr hegt und pflegt Euer Baby, wann immer es schreit.Auch mitten in der Nacht seid Ihr dazu bereit.Dann l\u00e4chelt Euer Baby das erste Mal,dann seid Ihr Euch sicher, was Ihr gezeugt habt, ist erste Wahl.Gl\u00fccklich seid Ihr von alleine.Probleme gibt es jetzt noch keineGenie\u00dft diese Gl\u00fcckseligkeit,denn es kommt auch eine andere Zeit.Eltern sein und Kinder haben,hei\u00dft, stolz sein Wissen weitertragen.Lieben und geliebt zu werden,ist doch das Sch\u00f6nste hier auf Erden. 5.4. Ne coole Socke Ne coole Socke bist Du jetzt,als Teenager stehst Du ganz fest.Die Abenteuerlust kommt jetzt ins Spiel,der Alltag aber verlangt auch von Dir viel.Nutz das Dopamin nicht nur f\u00fcr den Kick,sondern auch zum Lernen f\u00fcr Dein Gl\u00fcck.Lass Spa\u00df, Spannung zu, aber auch Neugier und Mut,dann geht es Dir im Leben meist gut.Coole Spr\u00fcche allein reichen nicht aus,Erfahrungen sammeln und mach was draus.Auch Folgen sind nicht ausgeschlossen,wenn Du mal `nen Bock geschossen.Wichtig ist, Du lernst daraus,dann bist allezeit \u00b4ne coole Maus. 8.4. Sehnsucht nach Deinem Erdbeerkuchen Es war genau vor einem Jahr,an einem Montag, was da geschah.Wir kannten uns schon, einfach so,da traf ich Dich und war so froh.Ich laberte bei Caf\u00e9 und Eis,ich schwitzte, der Sommer war hei\u00df.Du ludst mich ein zu einer Fete,Dein Erdbeerkuchen war lecker \u201ealter Schwede\u201c,Nun bin ich s\u00fcchtig nach Deinem Erdbeerkuchen.Was muss ich tun, um ihn auf Dauer zu buchen?Vielleicht auch Dich mit all Deinen Fassettenund andere K\u00f6stlichkeiten bei Dir entdecken. 26.2. Erinnerung Was man tief im Herzen kann sp\u00fcren,kann man durch den Tod nicht verlieren.Denn den Menschen, den man liebt,dessen Platz im Herzen blieb.Schmerzt auch vorerst der Verlust,bleibt die Erinnerung in der Brust,das Herz erinnert sich genauwas wirklich z\u00e4hlte in der Lebensschau. 27.3. Stricken Zum Stricken geboren,strickst Du f\u00fcr H\u00e4nde, F\u00fc\u00dfe und auch Ohren.Masche f\u00fcr Masche auf die Nadel gereihtf\u00fcr Socken, M\u00fctzen, sogar f\u00fcr ein Kleid.Doch irgendwann ist es genug,spring auf einen anderen Zug.Jetzt h\u00e4kelst Du so Kleinigkeiten,die den Enkeln Freude bereiten.Mal ist&#8217;s ein Schmetterling oder &#8217;ne Raupe,mal eine Maus mit &#8217;ner Grubenhaube.Das ist ein ganz neues Flair,es macht s\u00fcchtig nach Figuren und mehr.<\/p>\n","protected":false},"author":1,"featured_media":0,"parent":0,"menu_order":0,"comment_status":"closed","ping_status":"closed","template":"","meta":[],"_links":{"self":[{"href":"https:\/\/www.charmeundstil.de\/index.php?rest_route=\/wp\/v2\/pages\/351"}],"collection":[{"href":"https:\/\/www.charmeundstil.de\/index.php?rest_route=\/wp\/v2\/pages"}],"about":[{"href":"https:\/\/www.charmeundstil.de\/index.php?rest_route=\/wp\/v2\/types\/page"}],"author":[{"embeddable":true,"href":"https:\/\/www.charmeundstil.de\/index.php?rest_route=\/wp\/v2\/users\/1"}],"replies":[{"embeddable":true,"href":"https:\/\/www.charmeundstil.de\/index.php?rest_route=%2Fwp%2Fv2%2Fcomments&post=351"}],"version-history":[{"count":6,"href":"https:\/\/www.charmeundstil.de\/index.php?rest_route=\/wp\/v2\/pages\/351\/revisions"}],"predecessor-version":[{"id":390,"href":"https:\/\/www.charmeundstil.de\/index.php?rest_route=\/wp\/v2\/pages\/351\/revisions\/390"}],"wp:attachment":[{"href":"https:\/\/www.charmeundstil.de\/index.php?rest_route=%2Fwp%2Fv2%2Fmedia&parent=351"}],"curies":[{"name":"wp","href":"https:\/\/api.w.org\/{rel}","templated":true}]}}